{"id":889,"date":"2013-03-24T10:26:10","date_gmt":"2013-03-24T10:26:10","guid":{"rendered":"http:\/\/scriebine.ro\/?page_id=889"},"modified":"2013-06-22T22:08:09","modified_gmt":"2013-06-22T22:08:09","slug":"atelier-de-scris","status":"publish","type":"page","link":"https:\/\/scriebine.ro\/?page_id=889","title":{"rendered":"Amintiri de la Atelierul de Scris"},"content":{"rendered":"<p>Universul m-a binecuv\u00e2ntat cu o experien\u0163\u0103 inedit\u0103, din care am avut foarte mult de \u00eenv\u0103\u0163at.<\/p>\n<div id='gallery-1' class='gallery galleryid-889 gallery-columns-3 gallery-size-thumbnail'><figure class='gallery-item'>\n\t\t\t<div class='gallery-icon landscape'>\n\t\t\t\t<a href='https:\/\/scriebine.ro\/?attachment_id=941'><img width=\"150\" height=\"150\" src=\"https:\/\/scriebine.ro\/wp-content\/uploads\/2013\/03\/400664_10152322942601029_664786445_n-11-150x150.jpg\" class=\"attachment-thumbnail size-thumbnail\" alt=\"\" decoding=\"async\" loading=\"lazy\" \/><\/a>\n\t\t\t<\/div><\/figure><figure class='gallery-item'>\n\t\t\t<div class='gallery-icon landscape'>\n\t\t\t\t<a href='https:\/\/scriebine.ro\/?attachment_id=940'><img width=\"150\" height=\"150\" src=\"https:\/\/scriebine.ro\/wp-content\/uploads\/2013\/03\/297955_403585066415647_1929686015_n-1-150x150.jpg\" class=\"attachment-thumbnail size-thumbnail\" alt=\"\" decoding=\"async\" loading=\"lazy\" \/><\/a>\n\t\t\t<\/div><\/figure><figure class='gallery-item'>\n\t\t\t<div class='gallery-icon landscape'>\n\t\t\t\t<a href='https:\/\/scriebine.ro\/?attachment_id=939'><img width=\"150\" height=\"150\" src=\"https:\/\/scriebine.ro\/wp-content\/uploads\/2013\/03\/21101_403585549748932_293337477_n-150x150.jpg\" class=\"attachment-thumbnail size-thumbnail\" alt=\"\" decoding=\"async\" loading=\"lazy\" \/><\/a>\n\t\t\t<\/div><\/figure><figure class='gallery-item'>\n\t\t\t<div class='gallery-icon landscape'>\n\t\t\t\t<a href='https:\/\/scriebine.ro\/?attachment_id=938'><img width=\"150\" height=\"150\" src=\"https:\/\/scriebine.ro\/wp-content\/uploads\/2013\/03\/17302_10152322942801029_838429421_n-1-150x150.jpg\" class=\"attachment-thumbnail size-thumbnail\" alt=\"\" decoding=\"async\" loading=\"lazy\" \/><\/a>\n\t\t\t<\/div><\/figure><figure class='gallery-item'>\n\t\t\t<div class='gallery-icon landscape'>\n\t\t\t\t<a href='https:\/\/scriebine.ro\/?attachment_id=937'><img width=\"150\" height=\"150\" src=\"https:\/\/scriebine.ro\/wp-content\/uploads\/2013\/03\/17192_10152322942996029_826406206_n-1-150x150.jpg\" class=\"attachment-thumbnail size-thumbnail\" alt=\"\" decoding=\"async\" loading=\"lazy\" \/><\/a>\n\t\t\t<\/div><\/figure><figure class='gallery-item'>\n\t\t\t<div class='gallery-icon portrait'>\n\t\t\t\t<a href='https:\/\/scriebine.ro\/?attachment_id=936'><img width=\"150\" height=\"150\" src=\"https:\/\/scriebine.ro\/wp-content\/uploads\/2013\/03\/15099_403585616415592_286225814_n-150x150.jpg\" class=\"attachment-thumbnail size-thumbnail\" alt=\"\" decoding=\"async\" loading=\"lazy\" \/><\/a>\n\t\t\t<\/div><\/figure><figure class='gallery-item'>\n\t\t\t<div class='gallery-icon landscape'>\n\t\t\t\t<a href='https:\/\/scriebine.ro\/?attachment_id=935'><img width=\"150\" height=\"150\" src=\"https:\/\/scriebine.ro\/wp-content\/uploads\/2013\/03\/12455_10152322942816029_1641524778_n-1-150x150.jpg\" class=\"attachment-thumbnail size-thumbnail\" alt=\"\" decoding=\"async\" loading=\"lazy\" \/><\/a>\n\t\t\t<\/div><\/figure><figure class='gallery-item'>\n\t\t\t<div class='gallery-icon landscape'>\n\t\t\t\t<a href='https:\/\/scriebine.ro\/?attachment_id=934'><img width=\"150\" height=\"150\" src=\"https:\/\/scriebine.ro\/wp-content\/uploads\/2013\/03\/3664_403585809748906_2132448107_n-150x150.jpg\" class=\"attachment-thumbnail size-thumbnail\" alt=\"\" decoding=\"async\" loading=\"lazy\" \/><\/a>\n\t\t\t<\/div><\/figure><figure class='gallery-item'>\n\t\t\t<div class='gallery-icon portrait'>\n\t\t\t\t<a href='https:\/\/scriebine.ro\/?attachment_id=931'><img width=\"150\" height=\"150\" src=\"https:\/\/scriebine.ro\/wp-content\/uploads\/2013\/03\/923382_402926423148178_526423004_n-150x150.jpg\" class=\"attachment-thumbnail size-thumbnail\" alt=\"\" decoding=\"async\" loading=\"lazy\" \/><\/a>\n\t\t\t<\/div><\/figure><figure class='gallery-item'>\n\t\t\t<div class='gallery-icon landscape'>\n\t\t\t\t<a href='https:\/\/scriebine.ro\/?attachment_id=930'><img width=\"150\" height=\"150\" src=\"https:\/\/scriebine.ro\/wp-content\/uploads\/2013\/03\/562318_10152322940451029_628559209_n-150x150.jpg\" class=\"attachment-thumbnail size-thumbnail\" alt=\"\" decoding=\"async\" loading=\"lazy\" \/><\/a>\n\t\t\t<\/div><\/figure><figure class='gallery-item'>\n\t\t\t<div class='gallery-icon landscape'>\n\t\t\t\t<a href='https:\/\/scriebine.ro\/?attachment_id=929'><img width=\"150\" height=\"150\" src=\"https:\/\/scriebine.ro\/wp-content\/uploads\/2013\/03\/431798_10152322940701029_1871179183_n-1-150x150.jpg\" class=\"attachment-thumbnail size-thumbnail\" alt=\"\" decoding=\"async\" loading=\"lazy\" \/><\/a>\n\t\t\t<\/div><\/figure><figure class='gallery-item'>\n\t\t\t<div class='gallery-icon portrait'>\n\t\t\t\t<a href='https:\/\/scriebine.ro\/?attachment_id=928'><img width=\"150\" height=\"150\" src=\"https:\/\/scriebine.ro\/wp-content\/uploads\/2013\/03\/388038_402926339814853_588265685_n-150x150.jpg\" class=\"attachment-thumbnail size-thumbnail\" alt=\"\" decoding=\"async\" loading=\"lazy\" \/><\/a>\n\t\t\t<\/div><\/figure><figure class='gallery-item'>\n\t\t\t<div class='gallery-icon landscape'>\n\t\t\t\t<a href='https:\/\/scriebine.ro\/?attachment_id=927'><img width=\"150\" height=\"150\" src=\"https:\/\/scriebine.ro\/wp-content\/uploads\/2013\/03\/310723_402925426481611_977528101_n-150x150.jpg\" class=\"attachment-thumbnail size-thumbnail\" alt=\"\" decoding=\"async\" loading=\"lazy\" \/><\/a>\n\t\t\t<\/div><\/figure><figure class='gallery-item'>\n\t\t\t<div class='gallery-icon landscape'>\n\t\t\t\t<a href='https:\/\/scriebine.ro\/?attachment_id=926'><img width=\"150\" height=\"150\" src=\"https:\/\/scriebine.ro\/wp-content\/uploads\/2013\/03\/164598_10152322941691029_333807743_n-1-150x150.jpg\" class=\"attachment-thumbnail size-thumbnail\" alt=\"\" decoding=\"async\" loading=\"lazy\" \/><\/a>\n\t\t\t<\/div><\/figure><figure class='gallery-item'>\n\t\t\t<div class='gallery-icon landscape'>\n\t\t\t\t<a href='https:\/\/scriebine.ro\/?attachment_id=925'><img width=\"150\" height=\"150\" src=\"https:\/\/scriebine.ro\/wp-content\/uploads\/2013\/03\/164250_403585493082271_808445076_n-150x150.jpg\" class=\"attachment-thumbnail size-thumbnail\" alt=\"\" decoding=\"async\" loading=\"lazy\" \/><\/a>\n\t\t\t<\/div><\/figure><figure class='gallery-item'>\n\t\t\t<div class='gallery-icon landscape'>\n\t\t\t\t<a href='https:\/\/scriebine.ro\/?attachment_id=924'><img width=\"150\" height=\"150\" src=\"https:\/\/scriebine.ro\/wp-content\/uploads\/2013\/03\/67565_10152322939926029_957270754_n-150x150.jpg\" class=\"attachment-thumbnail size-thumbnail\" alt=\"\" decoding=\"async\" loading=\"lazy\" \/><\/a>\n\t\t\t<\/div><\/figure><figure class='gallery-item'>\n\t\t\t<div class='gallery-icon landscape'>\n\t\t\t\t<a href='https:\/\/scriebine.ro\/?attachment_id=923'><img width=\"150\" height=\"150\" src=\"https:\/\/scriebine.ro\/wp-content\/uploads\/2013\/03\/48070_10152322941576029_1540626841_n-1-150x150.jpg\" class=\"attachment-thumbnail size-thumbnail\" alt=\"\" decoding=\"async\" loading=\"lazy\" \/><\/a>\n\t\t\t<\/div><\/figure><figure class='gallery-item'>\n\t\t\t<div class='gallery-icon landscape'>\n\t\t\t\t<a href='https:\/\/scriebine.ro\/?attachment_id=922'><img width=\"150\" height=\"150\" src=\"https:\/\/scriebine.ro\/wp-content\/uploads\/2013\/03\/44801_10152322940371029_538180252_n-150x150.jpg\" class=\"attachment-thumbnail size-thumbnail\" alt=\"\" decoding=\"async\" loading=\"lazy\" \/><\/a>\n\t\t\t<\/div><\/figure><figure class='gallery-item'>\n\t\t\t<div class='gallery-icon landscape'>\n\t\t\t\t<a href='https:\/\/scriebine.ro\/?attachment_id=921'><img width=\"150\" height=\"150\" src=\"https:\/\/scriebine.ro\/wp-content\/uploads\/2013\/03\/11573_402925873148233_1399372439_n-150x150.jpg\" class=\"attachment-thumbnail size-thumbnail\" alt=\"\" decoding=\"async\" loading=\"lazy\" \/><\/a>\n\t\t\t<\/div><\/figure><figure class='gallery-item'>\n\t\t\t<div class='gallery-icon portrait'>\n\t\t\t\t<a href='https:\/\/scriebine.ro\/?attachment_id=920'><img width=\"150\" height=\"150\" src=\"https:\/\/scriebine.ro\/wp-content\/uploads\/2013\/03\/10089_402925626481591_234898220_n-150x150.jpg\" class=\"attachment-thumbnail size-thumbnail\" alt=\"\" decoding=\"async\" loading=\"lazy\" \/><\/a>\n\t\t\t<\/div><\/figure>\n\t\t<\/div>\n\n<p>Cuvintele scrise la sf\u00e2r\u015fitul cursului m-au f\u0103cut mai puternic\u0103 \u015fi cu dorin\u0163a de a continua ce am \u00eenceput.<\/p>\n<p>Aten\u0163ie!!! Sunt cuvinte scrise din inim\u0103, \u00een care au fost strecurate lacrimi de fericire, \u00eemplinire \u015fi \u00eencredere.<\/p>\n<p>&#8222;Da! \u015ei eu pot scrie&#8221;, au zis cu to\u0163ii la sf\u00e2r\u015fit.<\/p>\n<p>Acum&#8230;\u00eenchide ochii, imagineaz\u0103-\u0163i c\u0103 p\u0103r\u0103se\u015fti t\u0103r\u00e2mul cotidian \u015fi intr\u0103 cu ochii inimii, prin imaginile de mai jos, \u00een experien\u0163a care a f\u0103cut ca un om care se consider\u0103 antitalent la scris s\u0103 scrie trei pagini peste noapte, pe care s\u0103 le citeasc\u0103 cu ochii str\u0103lucind de bucurie, \u00een fa\u0163a celor prezen\u0163i la curs, a doua zi.<\/p>\n<div id='gallery-2' class='gallery galleryid-889 gallery-columns-3 gallery-size-thumbnail'><figure class='gallery-item'>\n\t\t\t<div class='gallery-icon portrait'>\n\t\t\t\t<a href='https:\/\/scriebine.ro\/?attachment_id=918'><img width=\"150\" height=\"150\" src=\"https:\/\/scriebine.ro\/wp-content\/uploads\/2013\/03\/testimonial5-150x150.jpg\" class=\"attachment-thumbnail size-thumbnail\" alt=\"\" decoding=\"async\" loading=\"lazy\" \/><\/a>\n\t\t\t<\/div><\/figure><figure class='gallery-item'>\n\t\t\t<div class='gallery-icon portrait'>\n\t\t\t\t<a href='https:\/\/scriebine.ro\/?attachment_id=916'><img width=\"150\" height=\"150\" src=\"https:\/\/scriebine.ro\/wp-content\/uploads\/2013\/03\/testimonial3-150x150.jpg\" class=\"attachment-thumbnail size-thumbnail\" alt=\"\" decoding=\"async\" loading=\"lazy\" \/><\/a>\n\t\t\t<\/div><\/figure><figure class='gallery-item'>\n\t\t\t<div class='gallery-icon portrait'>\n\t\t\t\t<a href='https:\/\/scriebine.ro\/?attachment_id=917'><img width=\"150\" height=\"150\" src=\"https:\/\/scriebine.ro\/wp-content\/uploads\/2013\/03\/testimonial4-150x150.jpg\" class=\"attachment-thumbnail size-thumbnail\" alt=\"\" decoding=\"async\" loading=\"lazy\" \/><\/a>\n\t\t\t<\/div><\/figure><figure class='gallery-item'>\n\t\t\t<div class='gallery-icon portrait'>\n\t\t\t\t<a href='https:\/\/scriebine.ro\/?attachment_id=915'><img width=\"150\" height=\"150\" src=\"https:\/\/scriebine.ro\/wp-content\/uploads\/2013\/03\/testimonial2-150x150.jpg\" class=\"attachment-thumbnail size-thumbnail\" alt=\"\" decoding=\"async\" loading=\"lazy\" \/><\/a>\n\t\t\t<\/div><\/figure><figure class='gallery-item'>\n\t\t\t<div class='gallery-icon portrait'>\n\t\t\t\t<a href='https:\/\/scriebine.ro\/?attachment_id=914'><img width=\"150\" height=\"150\" src=\"https:\/\/scriebine.ro\/wp-content\/uploads\/2013\/03\/testimonial1-150x150.jpg\" class=\"attachment-thumbnail size-thumbnail\" alt=\"\" decoding=\"async\" loading=\"lazy\" \/><\/a>\n\t\t\t<\/div><\/figure>\n\t\t<\/div>\n\n<p>&nbsp;<\/p>\n<p>Ajutorul nu se termin\u0103 odat\u0103 cu terminarea cursului, ci aventura de-abia \u00eencepe. A\u015fa a fost \u00een cazul Oanei, care \u00a0a venit tocmai de la Cluj, pentru Atelierul de Scris \u015fi cu care am avut o \u00eent\u00e2lnire, la C\u0103rture\u015fti, \u00eenainte s\u0103 se urce \u00een tren:<\/p>\n<p>\u201eMi-a pl\u0103cut c\u0103 ai oferit alternative, mi-ai dat idei despre cum s\u0103 folosesc metodele de \u00eembun\u0103t\u0103\u0163ire de la facultate \u015fi din kaizen, chiar \u00een scris (repetarea \u00eentreb\u0103rii de ce?), \u015fi ai pus degetul exact acolo unde era nevoie de \u00eembun\u0103t\u0103\u0163iri. Pentru o singur\u0103 citire, te-ai prins de multe lucruri.<\/p>\n<p>E ora 9:29 \u015fi, \u00eentr-o or\u0103, ajung \u00een Cluj. Am g\u0103sit o persoan\u0103 cu care s\u0103 discut despre ac\u0163iune \u015fi multe altele \u015fi am \u00eenceput s\u0103 lucrez la versiunea nou\u0103 de articol. \u015etiu deja \u015fi oamenii care o s\u0103-mi citeasc\u0103<\/p>\n<p>ambele variante. Vreau ca p\u00e2n\u0103 m\u00e2ine dup\u0103-amiaz\u0103 s\u0103 le am gata \u015fi, c\u00e2nd o s\u0103 dau &#8222;send&#8221;, o s\u0103 \u015ftiu c\u0103 am f\u0103cut ceea ce trebuie.<\/p>\n<p>E fascinant felul \u00een care scrisul te poate atinge exact \u00een esen\u0163\u0103. E\u015fti vulnerabil \u015fi puternic \u00een acela\u015fi timp. \u015ei al naibii de liber. Asta, dac\u0103 nu te mai \u00eenc\u0103p\u0103\u0163\u00e2nezi s\u0103 pari ceea ce nu e\u015fti \u015fi s\u0103 \u00ee\u0163i dai voie s\u0103 fii autentic.<\/p>\n<p>Asta ai f\u0103cut azi cu mine. Mul\u0163umesc, minune de om! \u015ei continu\u0103 ca e foarte bine. Pentru noi, restul, r\u0103m\u00e2ne s\u0103 men\u0163inem \u201estarea de preludiu de dinainte de scris\u201d, s\u0103 profit\u0103m de ea \u015fi s\u0103 ne \u00eembun\u0103t\u0103\u0163im stilul.\u201d<\/p>\n<p>&nbsp;<\/p>\n","protected":false},"excerpt":{"rendered":"<p>Universul m-a binecuv\u00e2ntat cu o experien\u0163\u0103 inedit\u0103, din care am avut foarte mult de \u00eenv\u0103\u0163at. Cuvintele scrise la sf\u00e2r\u015fitul cursului m-au f\u0103cut mai puternic\u0103 \u015fi cu dorin\u0163a de a continua ce am \u00eenceput. Aten\u0163ie!!! Sunt cuvinte scrise din inim\u0103, \u00een care au fost strecurate lacrimi de fericire, \u00eemplinire \u015fi \u00eencredere. &#8222;Da! \u015ei eu pot scrie&#8221;, [&hellip;]<\/p>\n","protected":false},"author":110,"featured_media":0,"parent":1047,"menu_order":4,"comment_status":"open","ping_status":"closed","template":"","meta":{"zakra_sidebar_layout":"customizer","zakra_remove_content_margin":false,"zakra_sidebar":"customizer","zakra_transparent_header":"customizer","zakra_logo":0,"zakra_main_header_style":"default","zakra_menu_item_color":"","zakra_menu_item_hover_color":"","zakra_menu_item_active_color":"","zakra_menu_active_style":"","zakra_page_header":true},"yoast_head":"<!-- This site is optimized with the Yoast SEO plugin v14.0.2 - https:\/\/yoast.com\/wordpress\/plugins\/seo\/ -->\n<title>Amintiri de la Atelierul de Scris - Scrie bine<\/title>\n<meta name=\"robots\" content=\"index, follow\" \/>\n<meta name=\"googlebot\" content=\"index, follow, max-snippet:-1, max-image-preview:large, max-video-preview:-1\" \/>\n<meta name=\"bingbot\" content=\"index, follow, max-snippet:-1, max-image-preview:large, max-video-preview:-1\" \/>\n<link rel=\"canonical\" href=\"https:\/\/scriebine.ro\/?page_id=889\" \/>\n<meta property=\"og:locale\" content=\"ro_RO\" \/>\n<meta property=\"og:type\" content=\"article\" \/>\n<meta property=\"og:title\" content=\"Amintiri de la Atelierul de Scris - Scrie bine\" \/>\n<meta property=\"og:description\" content=\"Universul m-a binecuv\u00e2ntat cu o experien\u0163\u0103 inedit\u0103, din care am avut foarte mult de \u00eenv\u0103\u0163at. Cuvintele scrise la sf\u00e2r\u015fitul cursului m-au f\u0103cut mai puternic\u0103 \u015fi cu dorin\u0163a de a continua ce am \u00eenceput. Aten\u0163ie!!! Sunt cuvinte scrise din inim\u0103, \u00een care au fost strecurate lacrimi de fericire, \u00eemplinire \u015fi \u00eencredere. &#8222;Da! \u015ei eu pot scrie&#8221;, [&hellip;]\" \/>\n<meta property=\"og:url\" content=\"https:\/\/scriebine.ro\/?page_id=889\" \/>\n<meta property=\"og:site_name\" content=\"Scrie bine\" \/>\n<meta property=\"article:modified_time\" content=\"2013-06-22T22:08:09+00:00\" \/>\n<meta property=\"og:image\" content=\"https:\/\/scriebine.ro\/wp-content\/uploads\/2013\/03\/400664_10152322942601029_664786445_n-11-150x150.jpg\" \/>\n<script type=\"application\/ld+json\" class=\"yoast-schema-graph\">{\"@context\":\"https:\/\/schema.org\",\"@graph\":[{\"@type\":\"WebSite\",\"@id\":\"https:\/\/scriebine.ro\/#website\",\"url\":\"https:\/\/scriebine.ro\/\",\"name\":\"Scrie bine\",\"description\":\"Acord\\u0103 aten\\u0163ie modului \\u00een care te exprimi.\",\"potentialAction\":[{\"@type\":\"SearchAction\",\"target\":\"https:\/\/scriebine.ro\/?s={search_term_string}\",\"query-input\":\"required name=search_term_string\"}],\"inLanguage\":\"ro-RO\"},{\"@type\":\"WebPage\",\"@id\":\"https:\/\/scriebine.ro\/?page_id=889#webpage\",\"url\":\"https:\/\/scriebine.ro\/?page_id=889\",\"name\":\"Amintiri de la Atelierul de Scris - Scrie bine\",\"isPartOf\":{\"@id\":\"https:\/\/scriebine.ro\/#website\"},\"datePublished\":\"2013-03-24T10:26:10+00:00\",\"dateModified\":\"2013-06-22T22:08:09+00:00\",\"inLanguage\":\"ro-RO\",\"potentialAction\":[{\"@type\":\"ReadAction\",\"target\":[\"https:\/\/scriebine.ro\/?page_id=889\"]}]}]}<\/script>\n<!-- \/ Yoast SEO plugin. -->","_links":{"self":[{"href":"https:\/\/scriebine.ro\/index.php?rest_route=\/wp\/v2\/pages\/889"}],"collection":[{"href":"https:\/\/scriebine.ro\/index.php?rest_route=\/wp\/v2\/pages"}],"about":[{"href":"https:\/\/scriebine.ro\/index.php?rest_route=\/wp\/v2\/types\/page"}],"author":[{"embeddable":true,"href":"https:\/\/scriebine.ro\/index.php?rest_route=\/wp\/v2\/users\/110"}],"replies":[{"embeddable":true,"href":"https:\/\/scriebine.ro\/index.php?rest_route=%2Fwp%2Fv2%2Fcomments&post=889"}],"version-history":[{"count":0,"href":"https:\/\/scriebine.ro\/index.php?rest_route=\/wp\/v2\/pages\/889\/revisions"}],"up":[{"embeddable":true,"href":"https:\/\/scriebine.ro\/index.php?rest_route=\/wp\/v2\/pages\/1047"}],"wp:attachment":[{"href":"https:\/\/scriebine.ro\/index.php?rest_route=%2Fwp%2Fv2%2Fmedia&parent=889"}],"curies":[{"name":"wp","href":"https:\/\/api.w.org\/{rel}","templated":true}]}}