{"id":761,"date":"2012-12-04T13:06:51","date_gmt":"2012-12-04T13:06:51","guid":{"rendered":"http:\/\/scriebine.ro\/?page_id=761"},"modified":"2019-11-27T12:08:37","modified_gmt":"2019-11-27T12:08:37","slug":"de-ce-ti-e-teama","status":"publish","type":"page","link":"https:\/\/scriebine.ro\/?page_id=761","title":{"rendered":"De ce \u021bi-e team\u0103?"},"content":{"rendered":"<p><a href=\"https:\/\/scriebine.ro\/wp-content\/uploads\/2012\/12\/good-grammar.jpg\"><img decoding=\"async\" loading=\"lazy\" class=\"alignleft size-full wp-image-776\" title=\"good grammar\" alt=\"\" src=\"https:\/\/scriebine.ro\/wp-content\/uploads\/2012\/12\/good-grammar.jpg\" width=\"223\" height=\"226\" \/><\/a>Salut!<\/p>\n<p>Vio sunt.<\/p>\n<p>C\u00e2nd am f\u0103cut acest site, nici prin g\u00e2nd nu mi-a trecut c\u0103 a\u0219 fi nevoit\u0103 s\u0103 fac aceast\u0103 pagin\u0103. Dar&#8230;\u00a0niciodat\u0103 s\u0103 nu spui niciodat\u0103. \ud83d\ude42<\/p>\n<p><strong>Cui \u00eei este destinat\u0103?<\/strong><\/p>\n<p>Oricui \u00eei este team\u0103\u00a0s\u0103 nu\u00a0fac\u0103 gre\u0219eli sau de&#8230; mine. \ud83d\ude42 Sun\u0103 ciudat? Pentru mine, da, sun\u0103.<\/p>\n<p>Dar&#8230;<\/p>\n<p>Primesc zilnic mesaje de la cititori care \u00eendr\u0103znesc, cu pu\u021bintic\u0103 team\u0103, s\u0103-mi scrie.<\/p>\n<ul>\n<li><strong><em>\u201eS\u0103 \u0219tii c\u0103 am avut re\u021bineri s\u0103-\u021bi scriu&#8230; din teama de a nu face gre\u0219eli.\u201d\u00a0<\/em><\/strong><\/li>\n<li><strong><em>\u201eNu \u0219tiam ce s\u0103 fac, s\u0103 \u00ee\u021bi scriu, s\u0103 nu-\u021bi scriu, \u00eemi era team\u0103 \ud83d\ude00 :(\u201d<\/em><\/strong><\/li>\n<li><strong><em>\u201eCitind informa\u021biile de pe site, m-ai f\u0103cut s\u0103 prind curaj.\u00a0<\/em><\/strong><strong><em>Mi-a\u0219 dori s\u0103 aflu \u0219i mai multe! Mie tare \u00eemi place c\u00e2nd m\u0103 corecteaz\u0103 cineva!!!\u201d<\/em><\/strong><\/li>\n<\/ul>\n<p>Acestea reprezint\u0103 doar o mic\u0103 parte dintre ele. Mai jos \u00ee\u021bi voi reda r\u0103spunsul meu pe care\u00a0l-am scris sub form\u0103 de comentariu la unul dintre articolele de pe site.<\/p>\n<blockquote><p><strong>\u201eNu ai absolut niciun motiv s\u0103-\u021bi fie team\u0103. A\u0219 vrea s\u0103 reu\u0219esc \u00eentr-o zi s\u0103 d\u0103r\u00e2m mitul acesta :). Scopul acestui site e s\u0103-i ajute pe cei care vor s\u0103-\u0219i \u00eembun\u0103t\u0103\u021beasc\u0103 modul de a scrie \u0219i de a se exprima. Ce spui tu e ca \u0219i cum te-ai duce la doctor \u0219i te-ar certa c\u0103 te-ai \u00eemboln\u0103vit. Cauzele pentru care nu to\u021bi iubesc gramatica se \u0219tiu. Nici nu vreau s\u0103 insist pe acest subiect. Cam toat\u0103 lumea se pricepe s\u0103 acuze. Dar cine vine cu o solu\u021bie? \u00cen asta const\u0103 munca mea. S\u0103 vin cu o solu\u021bie real\u0103 la problemele de limb\u0103 cu care se confrunt\u0103 din ce \u00een ce mai multe persoane. Deci&#8230; \u00eendr\u0103zne\u0219te! \ud83d\ude42<\/strong><strong><em>\u201d<\/em><\/strong>\n<\/p><\/blockquote>\n<p>Eu cred \u00een <strong>comunicarea<\/strong> \u00eentre oameni, \u00een <strong>sinceritate<\/strong>, \u00een <strong>\u00een\u021belegere<\/strong> \u0219i optez pentru <strong>transparen\u021b\u0103<\/strong>. Acestea sunt c\u00e2teva dintre valorile acestui site, locul unde eu scriu din experien\u021ba mea \u0219i locul unde r\u0103spund \u00eentreb\u0103rilor tale. Ca s\u0103 te ajut, am nevoie de o comunicare deschis\u0103, f\u0103r\u0103 re\u021bineri.<\/p>\n<p>\u00ce\u021bi mul\u021bumesc \u0219i sper c\u0103 am rezolvat \u0219i acest <strong>\u201e<\/strong>mister<strong><em>\u201d<\/em><\/strong>! \ud83d\ude42<\/p>\n<p>Cu drag,<\/p>\n<p>Vio!<\/p>\n","protected":false},"excerpt":{"rendered":"<p>Salut! Vio sunt. C\u00e2nd am f\u0103cut acest site, nici prin g\u00e2nd nu mi-a trecut c\u0103 a\u0219 fi nevoit\u0103 s\u0103 fac aceast\u0103 pagin\u0103. Dar&#8230;\u00a0niciodat\u0103 s\u0103 nu spui niciodat\u0103. \ud83d\ude42 Cui \u00eei este destinat\u0103? Oricui \u00eei este team\u0103\u00a0s\u0103 nu\u00a0fac\u0103 gre\u0219eli sau de&#8230; mine. \ud83d\ude42 Sun\u0103 ciudat? Pentru mine, da, sun\u0103. Dar&#8230; Primesc zilnic mesaje de la cititori [&hellip;]<\/p>\n","protected":false},"author":110,"featured_media":0,"parent":0,"menu_order":0,"comment_status":"open","ping_status":"closed","template":"","meta":{"zakra_sidebar_layout":"customizer","zakra_remove_content_margin":false,"zakra_sidebar":"customizer","zakra_transparent_header":"customizer","zakra_logo":0,"zakra_main_header_style":"default","zakra_menu_item_color":"","zakra_menu_item_hover_color":"","zakra_menu_item_active_color":"","zakra_menu_active_style":"","zakra_page_header":true},"yoast_head":"<!-- This site is optimized with the Yoast SEO plugin v14.0.2 - https:\/\/yoast.com\/wordpress\/plugins\/seo\/ -->\n<title>De ce \u021bi-e team\u0103? - Scrie bine<\/title>\n<meta name=\"robots\" content=\"index, follow\" \/>\n<meta name=\"googlebot\" content=\"index, follow, max-snippet:-1, max-image-preview:large, max-video-preview:-1\" \/>\n<meta name=\"bingbot\" content=\"index, follow, max-snippet:-1, max-image-preview:large, max-video-preview:-1\" \/>\n<link rel=\"canonical\" href=\"https:\/\/scriebine.ro\/?page_id=761\" \/>\n<meta property=\"og:locale\" content=\"ro_RO\" \/>\n<meta property=\"og:type\" content=\"article\" \/>\n<meta property=\"og:title\" content=\"De ce \u021bi-e team\u0103? - Scrie bine\" \/>\n<meta property=\"og:description\" content=\"Salut! Vio sunt. C\u00e2nd am f\u0103cut acest site, nici prin g\u00e2nd nu mi-a trecut c\u0103 a\u0219 fi nevoit\u0103 s\u0103 fac aceast\u0103 pagin\u0103. Dar&#8230;\u00a0niciodat\u0103 s\u0103 nu spui niciodat\u0103. \ud83d\ude42 Cui \u00eei este destinat\u0103? Oricui \u00eei este team\u0103\u00a0s\u0103 nu\u00a0fac\u0103 gre\u0219eli sau de&#8230; mine. \ud83d\ude42 Sun\u0103 ciudat? Pentru mine, da, sun\u0103. Dar&#8230; Primesc zilnic mesaje de la cititori [&hellip;]\" \/>\n<meta property=\"og:url\" content=\"https:\/\/scriebine.ro\/?page_id=761\" \/>\n<meta property=\"og:site_name\" content=\"Scrie bine\" \/>\n<meta property=\"article:modified_time\" content=\"2019-11-27T12:08:37+00:00\" \/>\n<meta property=\"og:image\" content=\"http:\/\/scriebine.ro\/wp-content\/uploads\/2012\/12\/good-grammar.jpg\" \/>\n<script type=\"application\/ld+json\" class=\"yoast-schema-graph\">{\"@context\":\"https:\/\/schema.org\",\"@graph\":[{\"@type\":\"WebSite\",\"@id\":\"https:\/\/scriebine.ro\/#website\",\"url\":\"https:\/\/scriebine.ro\/\",\"name\":\"Scrie bine\",\"description\":\"Acord\\u0103 aten\\u0163ie modului \\u00een care te exprimi.\",\"potentialAction\":[{\"@type\":\"SearchAction\",\"target\":\"https:\/\/scriebine.ro\/?s={search_term_string}\",\"query-input\":\"required name=search_term_string\"}],\"inLanguage\":\"ro-RO\"},{\"@type\":\"ImageObject\",\"@id\":\"https:\/\/scriebine.ro\/?page_id=761#primaryimage\",\"inLanguage\":\"ro-RO\",\"url\":\"http:\/\/scriebine.ro\/wp-content\/uploads\/2012\/12\/good-grammar.jpg\"},{\"@type\":\"WebPage\",\"@id\":\"https:\/\/scriebine.ro\/?page_id=761#webpage\",\"url\":\"https:\/\/scriebine.ro\/?page_id=761\",\"name\":\"De ce \\u021bi-e team\\u0103? - Scrie bine\",\"isPartOf\":{\"@id\":\"https:\/\/scriebine.ro\/#website\"},\"primaryImageOfPage\":{\"@id\":\"https:\/\/scriebine.ro\/?page_id=761#primaryimage\"},\"datePublished\":\"2012-12-04T13:06:51+00:00\",\"dateModified\":\"2019-11-27T12:08:37+00:00\",\"inLanguage\":\"ro-RO\",\"potentialAction\":[{\"@type\":\"ReadAction\",\"target\":[\"https:\/\/scriebine.ro\/?page_id=761\"]}]}]}<\/script>\n<!-- \/ Yoast SEO plugin. -->","_links":{"self":[{"href":"https:\/\/scriebine.ro\/index.php?rest_route=\/wp\/v2\/pages\/761"}],"collection":[{"href":"https:\/\/scriebine.ro\/index.php?rest_route=\/wp\/v2\/pages"}],"about":[{"href":"https:\/\/scriebine.ro\/index.php?rest_route=\/wp\/v2\/types\/page"}],"author":[{"embeddable":true,"href":"https:\/\/scriebine.ro\/index.php?rest_route=\/wp\/v2\/users\/110"}],"replies":[{"embeddable":true,"href":"https:\/\/scriebine.ro\/index.php?rest_route=%2Fwp%2Fv2%2Fcomments&post=761"}],"version-history":[{"count":0,"href":"https:\/\/scriebine.ro\/index.php?rest_route=\/wp\/v2\/pages\/761\/revisions"}],"wp:attachment":[{"href":"https:\/\/scriebine.ro\/index.php?rest_route=%2Fwp%2Fv2%2Fmedia&parent=761"}],"curies":[{"name":"wp","href":"https:\/\/api.w.org\/{rel}","templated":true}]}}