{"id":672,"date":"2012-11-03T18:08:49","date_gmt":"2012-11-03T18:08:49","guid":{"rendered":"http:\/\/scriebine.ro\/?page_id=672"},"modified":"2019-11-27T11:56:13","modified_gmt":"2019-11-27T11:56:13","slug":"marturii","status":"publish","type":"page","link":"https:\/\/scriebine.ro\/?page_id=672","title":{"rendered":"M\u0103rturii"},"content":{"rendered":"<p><a href=\"https:\/\/scriebine.ro\/wp-content\/uploads\/2012\/11\/Pera.jpg\"><img decoding=\"async\" loading=\"lazy\" class=\"size-full wp-image-673 alignleft\" title=\"Pera\" alt=\"\" src=\"https:\/\/scriebine.ro\/wp-content\/uploads\/2012\/11\/Pera.jpg\" width=\"236\" height=\"195\" \/><\/a><strong>PERA NOVACOVICI\u00a0<\/strong><\/p>\n<p>Pera, unul dintre mentorii mei, este persoana care m-a ajutat s\u0103 trec peste momentele dificile \u0219i s\u0103-mi g\u0103sesc voca\u021bia.<\/p>\n<p><a href=\"http:\/\/www.personalitatealfa.com\/blog\/\">http:\/\/www.personalitatealfa.com\/blog\/<\/a><\/p>\n<p>\u201e<em>Violeta este\u00a0<\/em>\u201e<em>salvatoare de vie\u021bi\u201d<\/em>\u00a0<em>sau life saver c\u0103 sun\u0103 mai bine. Dup\u0103 ce am tip\u0103rit 500 de c\u0103r\u021bi, Vio a reu\u0219it s\u0103 \u00eemi g\u0103seasc\u0103 20-25 de gre\u0219eli pe fiecare pagin\u0103 de-a lungul a 250 de pagini din carte. \u0218i toate astea \u00een mai pu\u021bin de o s\u0103pt\u0103m\u00e2n\u0103. Dincolo de asta,\u00a0 este unul dintre foarte pu\u021binii oameni care IUBESC limba noastr\u0103 matern\u0103, limba rom\u00e2n\u0103. O iube\u0219te at\u00e2t de mult, \u00eenc\u00e2t \u00eei ajut\u0103 pe ceilal\u021bi s\u0103 o foloseasc\u0103 mai bine, f\u0103r\u0103 s\u0103 fie un\u00a0<\/em>\u201e<em>grammar nazi<\/em>\u201f<em>. Nu ai cum s\u0103 nu te la\u0219i ajutat c\u00e2nd te sf\u0103tuie\u0219te a\u0219a frumos s\u0103 pui virgula unde trebuie. \u00cen momentul \u0103sta eu colaborez la toate proiectele cu Vio \u0219i sper s\u0103 fie s\u0103n\u0103toas\u0103 \u0219i voioas\u0103 mult\u0103 vreme de acum.\u201d<\/em><\/p>\n<p>&nbsp;<\/p>\n<p><a href=\"https:\/\/scriebine.ro\/wp-content\/uploads\/2012\/11\/Yvette.jpg\" target=\"_blank\"><img decoding=\"async\" loading=\"lazy\" class=\"alignleft  wp-image-677\" title=\"Yvette\" alt=\"\" src=\"https:\/\/scriebine.ro\/wp-content\/uploads\/2012\/11\/Yvette.jpg\" width=\"230\" height=\"300\" \/><\/a><\/p>\n<p><strong>YVETTE LARSSON<\/strong><\/p>\n<p>Yvette was my Romanian student. She is in love with Romania and she has already written a book about my beautiful country.<\/p>\n<p><a href=\"http:\/\/bucharestlounge.wordpress.com\/\">http:\/\/bucharestlounge.wordpress.com\/<\/a><\/p>\n<p>\u201e<em>Violeta is a very wise and professional person, teacher and linguist. She is patient, builds things up step-by-step and encourages the student all the time.<\/em><\/p>\n<p><em>We held the lessons at C\u0103rture\u0219ti and the lessons always seemed too short. Learning with Violeta is fun! We laughed a lot!<\/em><\/p>\n<p><em>She is the kind of tutor who seems to know exactly what you need!<\/em><\/p>\n<p><em>I highly recommend Violeta to any similar position! Her strength\u00a0and passion for language is something everyone can feel! \u00a0Mersi!<\/em>\u201f<\/p>\n<p><em><strong><br \/>\n<img decoding=\"async\" loading=\"lazy\" class=\"alignleft\" alt=\"\" src=\"http:\/\/sphotos-a.ak.fbcdn.net\/hphotos-ak-prn1\/552261_10151494798426521_1367351310_n.jpg\" width=\"250\" height=\"250\" \/><\/strong><\/em><strong>MIHAIL MUSAT<\/strong><\/p>\n<p>Mihail este unul dintre oamenii pe care \u00eei \u015ftiu de c\u00e2\u0163iva ani, dar de-abia acum am ocazia s\u0103 colaborez cu el. \u00cel respect pentru pasiunea sa pentru dezvoltare personal\u0103 \u015fi pentru naturale\u0163ea cu care vorbe\u015fte \u00een public&#8230;<\/p>\n<p><a href=\"http:\/\/mihailmusat.ro\/\" target=\"_blank\">http:\/\/mihailmusat.ro\/<\/a><\/p>\n<p>&nbsp;<\/p>\n<p>\u201e<em>C\u00e2nd am \u00eenceput colaborarea cu Violeta, am avut un \u015foc. Am v\u0103zut la propriu galben \u00een fa\u0163a ochilor. Era de la galbenul din documentul corectat de ea. Era plin de gre\u015feli gramaticale sau de exprimare. Mi-a luat c\u00e2teva zile s\u0103 \u00eemi revin \u015fi s\u0103 fac un alt document. De fiecare dat\u0103 c\u00e2nd credeam c\u0103 ceea ce am f\u0103cut este corect, primeam \u00eenapoi de la ea noi sugestii. Am crezut c\u0103 o s\u0103 renun\u0163. Din fericire, nu am f\u0103cut-o, iar versiunea final\u0103 a acelui document a ie\u015fit mult peste a\u015ftept\u0103rile mele ini\u0163iale. Admir la Violeta fermitatea cu care \u00ee\u015fi sus\u0163ine punctul de vedere \u015fi profesionalismul de care d\u0103 dovad\u0103 de fiecare dat\u0103.\u201d<\/em><\/p>\n<p><a style=\"color: #ff4b33; line-height: 24px;\" href=\"https:\/\/scriebine.ro\/wp-content\/uploads\/2012\/11\/Daniel-Zarnescu_1.png\"><img decoding=\"async\" loading=\"lazy\" class=\"alignleft size-full wp-image-771\" title=\"Daniel-Zarnescu_1\" alt=\"\" src=\"https:\/\/scriebine.ro\/wp-content\/uploads\/2012\/11\/Daniel-Zarnescu_1.png\" width=\"229\" height=\"154\" \/><\/a><\/p>\n<p><strong>DANIEL\u00a0\u00a0Z\u0102RNESCU<\/strong><\/p>\n<p>Daniel este unul dintre oamenii de la care am \u00eenv\u0103\u021bat foarte multe. \u0218i el, ca \u0219i Pera, este unul dintre mentorii mei. Am \u201efurat\u201d de la el un mod de g\u00e2ndire concentrat pe rezultate. Cu o minte ager\u0103, mereu vine cu idei noi pe care imediat le pune \u00een practic\u0103, reu\u0219ind astfel s\u0103 revolu\u021bioneze sistemul de educa\u021bie din Rom\u00e2nia printr-o abordare diferit\u0103 fa\u021b\u0103 de vechiul sistem de \u00eenv\u0103\u021b\u0103m\u00e2nt. Pasiunea lui pentru tot ceea ce face, \u00eencep\u00e2nd de la dezvoltare personal\u0103 p\u00e2n\u0103 la afaceri, m-a f\u0103cut s\u0103 \u00eemi doresc mai mult de la via\u021b\u0103.<\/p>\n<p><a href=\"http:\/\/construimimperii.ro\/\" target=\"_blank\">http:\/\/construimimperii.ro\/<\/a><\/p>\n<p>\u201e<em>Violeta este o specie rar\u0103 de femeie. Nu se poate concentra dac\u0103 vorbe\u0219ti gre\u0219it gramatical. Se ab\u021bine, se uit\u0103 \u00een jos, \u00ee\u0219i mu\u0219c\u0103 buzele. \u0218i, la un moment dat, \u021bi-o spune. Avem nevoie s\u0103 ne amintim c\u0103 exist\u0103 lucruri simple, dar care, dac\u0103 nu sunt \u00a0respectate, ne schimb\u0103 \u00een negativ via\u021ba. Violeta ne ajut\u0103 s\u0103 nu se \u00eent\u00e2mple asta.\u201e<\/em><\/p>\n<p>&nbsp;<\/p>\n<p><a href=\"https:\/\/scriebine.ro\/testimoniale\/cristina\/\" rel=\"attachment wp-att-862\"><img decoding=\"async\" loading=\"lazy\" class=\"alignleft size-medium wp-image-862\" alt=\"cristina\" src=\"https:\/\/scriebine.ro\/wp-content\/uploads\/2012\/11\/cristina-199x300.jpg\" width=\"199\" height=\"300\" srcset=\"https:\/\/scriebine.ro\/wp-content\/uploads\/2012\/11\/cristina-199x300.jpg 199w, https:\/\/scriebine.ro\/wp-content\/uploads\/2012\/11\/cristina.jpg 638w\" sizes=\"(max-width: 199px) 100vw, 199px\" \/><\/a><\/p>\n<p><strong>CRISTINA IVAN<\/strong><\/p>\n<p>Pe Cristina am cunoscut-o anul trecut. Citindu-i articolele, mi-am dat seama c\u0103 este un model de mama preocupat\u0103 f\u0103r\u0103 \u00eencetare de a-\u015fi \u00eembun\u0103t\u0103\u0163i rela\u0163ia cu copiii f\u0103r\u0103 s\u0103 uite de ea, ca femeie, \u00een schimb. De astfel de mame avem c\u00e2t mai mult\u0103 nevoie. \ud83d\ude42<\/p>\n<p><a href=\"http:\/\/mamainvingatoare.ro\/\" target=\"_blank\">http:\/\/mamainvingatoare.ro\/<\/a><\/p>\n<p><em>\u201eAi avut \u015fi tu o profesoar\u0103 de rom\u00e2n\u0103 drastic\u0103? Care mai mult \u00ee\u0163i impunea s\u0103 o respec\u0163i dec\u00e2t s\u0103 \u00ee\u015fi impun\u0103 ea s\u0103 te fac\u0103 s\u0103 \u00een\u0163elegi?<\/em><\/p>\n<p><em>Ai r\u0103sfoit \u015fi tu un blog de gramatic\u0103 \u00een care e\u015fti certat\/\u00eenjurat\/blamat c\u0103 n-ai \u015ftiut c\u0103 faci o gre\u015feal\u0103 \u201emajor\u0103\u201f de gramatic\u0103?<\/em><\/p>\n<p><em>Ei bine, ast\u0103zi ai \u015fansa s\u0103 \u00ee\u0163i faci dou\u0103 noi prietene: gramatica \u015fi pe&#8230; Violeta!<\/em><\/p>\n<p><em>Pasiunea Violetei este&#8230; limba rom\u00e2n\u0103. C\u00e2\u0163i dintre noi nu vrem s\u0103 vorbim \u015fi s\u0103 scriem rom\u00e2ne\u015fte c\u00e2t mai aproape de perfec\u0163iune? C\u00e2tora dintre noi ne place s\u0103 fim acuza\u0163i c\u0103 suntem incul\u0163i, chiar dac\u0103 facem o gre\u015feal\u0103 minor\u0103 din automatism?<\/em><\/p>\n<p><em>\u015etim cu to\u0163ii c\u00e2t c\u00e2nt\u0103resc gre\u015felile \u015fi c\u00e2t ne scad din valoarea.<\/em><\/p>\n<p><em>Ast\u0103zi putem apela la Violeta s\u0103 ne ajute. Ast\u0103zi putem s\u0103 avem un aliat \u00een lupta cu literele, s\u0103 le facem prietene \u015fi s\u0103 ne slujeasc\u0103 c\u00e2t mai bine.<\/em><\/p>\n<p><em>De ast\u0103zi \u00eenainte, putem c\u00e2\u015ftiga teren \u00eenv\u0103\u0163\u00e2nd mai bine dec\u00e2t la \u015fcoal\u0103 s\u0103 ne exprim\u0103m.<\/em><\/p>\n<p><em>Violeta m-a ajutat \u015fi pe mine.<\/em><\/p>\n<p><em>Am implorat-o s\u0103 o fac\u0103\u00a0\u00a0Ea a fost prompt\u0103, \u00eentr-o singur\u0103 zi m-a ajutat cu cele 40 de texte deja prezente pe site-ul meu \u015fi \u015ftiu c\u0103 va fi acolo pentru mine \u015fi de acum \u00eencolo.<\/em><\/p>\n<p><em>Colaborarea cu Violeta m-a ajutat, mai ales, s\u0103 v\u0103d un gre\u015fesc \u00een mod repetat f\u0103r\u0103 m\u0103car s\u0103 \u00eemi dau seama, dar, mai ales, mi-a dat \u00eencredere c\u0103 se poate!<\/em><\/p>\n<p><em>Se poate s\u0103 scrii corect, se poate s\u0103 scrii bine. Exist\u0103 pa\u015fi pe care \u00eei urmeaz\u0103 \u015fi al\u0163i scriitori \u015fi exist\u0103 \u00eentotdeauna cineva care te poate ajuta s\u0103 cizelezi ce ai scris deja.<\/em><\/p>\n<p><em>S\u0103 mai spun o dat\u0103 cine e acel cineva? <\/em><\/p>\n<p><em>Mul\u0163umesc, Violeta!\u201d<br \/>\n<\/em><\/p>\n<p>&nbsp;<\/p>\n<p><a href=\"https:\/\/scriebine.ro\/wp-content\/uploads\/2012\/11\/claudiu.jpg\" target=\"_blank\"><img decoding=\"async\" loading=\"lazy\" class=\"alignleft  wp-image-901\" alt=\"claudiu\" src=\"https:\/\/scriebine.ro\/wp-content\/uploads\/2012\/11\/claudiu.jpg\" width=\"300\" height=\"200\" srcset=\"https:\/\/scriebine.ro\/wp-content\/uploads\/2012\/11\/claudiu.jpg 720w, https:\/\/scriebine.ro\/wp-content\/uploads\/2012\/11\/claudiu-300x200.jpg 300w\" sizes=\"(max-width: 300px) 100vw, 300px\" \/><\/a><\/p>\n<h5><strong>CLAUDIU HIRSCHKORN<\/strong><a href=\"http:\/\/www.facebook.com\/claudiu.hirschkorn\" data-hovercard=\"\/ajax\/hovercard\/user.php?id=100003757883866\"><br \/>\n<\/a><\/h5>\n<p>Claudiu este unul dintre oamenii cu care am lucrat cot la cot atunci c\u00e2nd Pera \u015fi-a lansat Ghidul Personalit\u0103\u0163ii Alfa. Este un om \u201ecare nu face compromisuri\u201d, dup\u0103 cum spune \u015fi Pera. Un om pe care \u00eel respect \u015fi cu care am colaborat foarte bine.<\/p>\n<p>\u201eDac\u0103 e s\u0103 am o preten\u0163ie, ea ar fi una singur\u0103: cine vrea s\u0103 se apuce de scris, \u015fi mai ales s\u0103 ias\u0103 pe scen\u0103, pe pia\u0163a ideilor \u015fi a literelor, e musai s\u0103 fie familiarizat cu gramatica elementar\u0103. \u015etiu: po\u0163i avea dreptate, chiar dac\u0103 nu \u015ftii unde se pune cratima. Dar atunci nu aspira la statutul de scriitor. \u00cencearc\u0103 stilul oral: f\u0103-te politician!\u201d \u2014 Andrei PLE\u0218U (mul\u021bumiri pentru munca de excep\u021bie f\u0103cut\u0103 la corectarea c\u0103r\u021bii lui\u00a0<a href=\"http:\/\/www.facebook.com\/novacovici?group_id=0\" data-hovercard=\"\/ajax\/hovercard\/user.php?id=1008380846&amp;extragetparams=%7B%22group_id%22%3A0%7D\">Pera Novacovici<\/a>! \ud83d\ude42<\/p>\n<p>&nbsp;<\/p>\n<p>&nbsp;<\/p>\n","protected":false},"excerpt":{"rendered":"<p>PERA NOVACOVICI\u00a0 Pera, unul dintre mentorii mei, este persoana care m-a ajutat s\u0103 trec peste momentele dificile \u0219i s\u0103-mi g\u0103sesc voca\u021bia. http:\/\/www.personalitatealfa.com\/blog\/ \u201eVioleta este\u00a0\u201esalvatoare de vie\u021bi\u201d\u00a0sau life saver c\u0103 sun\u0103 mai bine. Dup\u0103 ce am tip\u0103rit 500 de c\u0103r\u021bi, Vio a reu\u0219it s\u0103 \u00eemi g\u0103seasc\u0103 20-25 de gre\u0219eli pe fiecare pagin\u0103 de-a lungul a 250 [&hellip;]<\/p>\n","protected":false},"author":110,"featured_media":0,"parent":1047,"menu_order":2,"comment_status":"closed","ping_status":"open","template":"","meta":{"zakra_sidebar_layout":"customizer","zakra_remove_content_margin":false,"zakra_sidebar":"customizer","zakra_transparent_header":"customizer","zakra_logo":0,"zakra_main_header_style":"default","zakra_menu_item_color":"","zakra_menu_item_hover_color":"","zakra_menu_item_active_color":"","zakra_menu_active_style":"","zakra_page_header":true},"yoast_head":"<!-- This site is optimized with the Yoast SEO plugin v14.0.2 - https:\/\/yoast.com\/wordpress\/plugins\/seo\/ -->\n<title>M\u0103rturii - Scrie bine<\/title>\n<meta name=\"robots\" content=\"index, follow\" \/>\n<meta name=\"googlebot\" content=\"index, follow, max-snippet:-1, max-image-preview:large, max-video-preview:-1\" \/>\n<meta name=\"bingbot\" content=\"index, follow, max-snippet:-1, max-image-preview:large, max-video-preview:-1\" \/>\n<link rel=\"canonical\" href=\"https:\/\/scriebine.ro\/?page_id=672\" \/>\n<meta property=\"og:locale\" content=\"ro_RO\" \/>\n<meta property=\"og:type\" content=\"article\" \/>\n<meta property=\"og:title\" content=\"M\u0103rturii - Scrie bine\" \/>\n<meta property=\"og:description\" content=\"PERA NOVACOVICI\u00a0 Pera, unul dintre mentorii mei, este persoana care m-a ajutat s\u0103 trec peste momentele dificile \u0219i s\u0103-mi g\u0103sesc voca\u021bia. http:\/\/www.personalitatealfa.com\/blog\/ \u201eVioleta este\u00a0\u201esalvatoare de vie\u021bi\u201d\u00a0sau life saver c\u0103 sun\u0103 mai bine. Dup\u0103 ce am tip\u0103rit 500 de c\u0103r\u021bi, Vio a reu\u0219it s\u0103 \u00eemi g\u0103seasc\u0103 20-25 de gre\u0219eli pe fiecare pagin\u0103 de-a lungul a 250 [&hellip;]\" \/>\n<meta property=\"og:url\" content=\"https:\/\/scriebine.ro\/?page_id=672\" \/>\n<meta property=\"og:site_name\" content=\"Scrie bine\" \/>\n<meta property=\"article:modified_time\" content=\"2019-11-27T11:56:13+00:00\" \/>\n<meta property=\"og:image\" content=\"http:\/\/scriebine.ro\/wp-content\/uploads\/2012\/11\/Pera.jpg\" \/>\n<script type=\"application\/ld+json\" class=\"yoast-schema-graph\">{\"@context\":\"https:\/\/schema.org\",\"@graph\":[{\"@type\":\"WebSite\",\"@id\":\"https:\/\/scriebine.ro\/#website\",\"url\":\"https:\/\/scriebine.ro\/\",\"name\":\"Scrie bine\",\"description\":\"Acord\\u0103 aten\\u0163ie modului \\u00een care te exprimi.\",\"potentialAction\":[{\"@type\":\"SearchAction\",\"target\":\"https:\/\/scriebine.ro\/?s={search_term_string}\",\"query-input\":\"required name=search_term_string\"}],\"inLanguage\":\"ro-RO\"},{\"@type\":\"ImageObject\",\"@id\":\"https:\/\/scriebine.ro\/?page_id=672#primaryimage\",\"inLanguage\":\"ro-RO\",\"url\":\"http:\/\/scriebine.ro\/wp-content\/uploads\/2012\/11\/Pera.jpg\"},{\"@type\":\"WebPage\",\"@id\":\"https:\/\/scriebine.ro\/?page_id=672#webpage\",\"url\":\"https:\/\/scriebine.ro\/?page_id=672\",\"name\":\"M\\u0103rturii - Scrie bine\",\"isPartOf\":{\"@id\":\"https:\/\/scriebine.ro\/#website\"},\"primaryImageOfPage\":{\"@id\":\"https:\/\/scriebine.ro\/?page_id=672#primaryimage\"},\"datePublished\":\"2012-11-03T18:08:49+00:00\",\"dateModified\":\"2019-11-27T11:56:13+00:00\",\"inLanguage\":\"ro-RO\",\"potentialAction\":[{\"@type\":\"ReadAction\",\"target\":[\"https:\/\/scriebine.ro\/?page_id=672\"]}]}]}<\/script>\n<!-- \/ Yoast SEO plugin. -->","_links":{"self":[{"href":"https:\/\/scriebine.ro\/index.php?rest_route=\/wp\/v2\/pages\/672"}],"collection":[{"href":"https:\/\/scriebine.ro\/index.php?rest_route=\/wp\/v2\/pages"}],"about":[{"href":"https:\/\/scriebine.ro\/index.php?rest_route=\/wp\/v2\/types\/page"}],"author":[{"embeddable":true,"href":"https:\/\/scriebine.ro\/index.php?rest_route=\/wp\/v2\/users\/110"}],"replies":[{"embeddable":true,"href":"https:\/\/scriebine.ro\/index.php?rest_route=%2Fwp%2Fv2%2Fcomments&post=672"}],"version-history":[{"count":0,"href":"https:\/\/scriebine.ro\/index.php?rest_route=\/wp\/v2\/pages\/672\/revisions"}],"up":[{"embeddable":true,"href":"https:\/\/scriebine.ro\/index.php?rest_route=\/wp\/v2\/pages\/1047"}],"wp:attachment":[{"href":"https:\/\/scriebine.ro\/index.php?rest_route=%2Fwp%2Fv2%2Fmedia&parent=672"}],"curies":[{"name":"wp","href":"https:\/\/api.w.org\/{rel}","templated":true}]}}