{"id":147,"date":"2012-07-04T17:39:12","date_gmt":"2012-07-04T17:39:12","guid":{"rendered":"http:\/\/scriebine.ro\/?page_id=147"},"modified":"2019-11-27T12:00:32","modified_gmt":"2019-11-27T12:00:32","slug":"descarca-cele-7-greseli-frecvente-din-limba-romana","status":"publish","type":"page","link":"https:\/\/scriebine.ro\/?page_id=147","title":{"rendered":"Descarc\u0103 cele 7 gre\u015feli frecvente din limba rom\u00e2n\u0103"},"content":{"rendered":"<p><a href=\"https:\/\/scriebine.ro\/wp-content\/uploads\/2012\/07\/Vio.pdf\">Vio<\/a><\/p>\n","protected":false},"excerpt":{"rendered":"<p>Vio<\/p>\n","protected":false},"author":110,"featured_media":0,"parent":0,"menu_order":0,"comment_status":"open","ping_status":"open","template":"","meta":{"zakra_sidebar_layout":"customizer","zakra_remove_content_margin":false,"zakra_sidebar":"customizer","zakra_transparent_header":"customizer","zakra_logo":0,"zakra_main_header_style":"default","zakra_menu_item_color":"","zakra_menu_item_hover_color":"","zakra_menu_item_active_color":"","zakra_menu_active_style":"","zakra_page_header":true},"yoast_head":"<!-- This site is optimized with the Yoast SEO plugin v14.0.2 - https:\/\/yoast.com\/wordpress\/plugins\/seo\/ -->\n<title>Descarc\u0103 cele 7 gre\u015feli frecvente din limba rom\u00e2n\u0103 - Scrie bine<\/title>\n<meta name=\"robots\" content=\"index, follow\" \/>\n<meta name=\"googlebot\" content=\"index, follow, max-snippet:-1, max-image-preview:large, max-video-preview:-1\" \/>\n<meta name=\"bingbot\" content=\"index, follow, max-snippet:-1, max-image-preview:large, max-video-preview:-1\" \/>\n<link rel=\"canonical\" href=\"https:\/\/scriebine.ro\/?page_id=147\" \/>\n<meta property=\"og:locale\" content=\"ro_RO\" \/>\n<meta property=\"og:type\" content=\"article\" \/>\n<meta property=\"og:title\" content=\"Descarc\u0103 cele 7 gre\u015feli frecvente din limba rom\u00e2n\u0103 - Scrie bine\" \/>\n<meta property=\"og:description\" content=\"Vio\" \/>\n<meta property=\"og:url\" content=\"https:\/\/scriebine.ro\/?page_id=147\" \/>\n<meta property=\"og:site_name\" content=\"Scrie bine\" \/>\n<meta property=\"article:modified_time\" content=\"2019-11-27T12:00:32+00:00\" \/>\n<script type=\"application\/ld+json\" class=\"yoast-schema-graph\">{\"@context\":\"https:\/\/schema.org\",\"@graph\":[{\"@type\":\"WebSite\",\"@id\":\"https:\/\/scriebine.ro\/#website\",\"url\":\"https:\/\/scriebine.ro\/\",\"name\":\"Scrie bine\",\"description\":\"Acord\\u0103 aten\\u0163ie modului \\u00een care te exprimi.\",\"potentialAction\":[{\"@type\":\"SearchAction\",\"target\":\"https:\/\/scriebine.ro\/?s={search_term_string}\",\"query-input\":\"required name=search_term_string\"}],\"inLanguage\":\"ro-RO\"},{\"@type\":\"WebPage\",\"@id\":\"https:\/\/scriebine.ro\/?page_id=147#webpage\",\"url\":\"https:\/\/scriebine.ro\/?page_id=147\",\"name\":\"Descarc\\u0103 cele 7 gre\\u015feli frecvente din limba rom\\u00e2n\\u0103 - Scrie bine\",\"isPartOf\":{\"@id\":\"https:\/\/scriebine.ro\/#website\"},\"datePublished\":\"2012-07-04T17:39:12+00:00\",\"dateModified\":\"2019-11-27T12:00:32+00:00\",\"inLanguage\":\"ro-RO\",\"potentialAction\":[{\"@type\":\"ReadAction\",\"target\":[\"https:\/\/scriebine.ro\/?page_id=147\"]}]}]}<\/script>\n<!-- \/ Yoast SEO plugin. -->","_links":{"self":[{"href":"https:\/\/scriebine.ro\/index.php?rest_route=\/wp\/v2\/pages\/147"}],"collection":[{"href":"https:\/\/scriebine.ro\/index.php?rest_route=\/wp\/v2\/pages"}],"about":[{"href":"https:\/\/scriebine.ro\/index.php?rest_route=\/wp\/v2\/types\/page"}],"author":[{"embeddable":true,"href":"https:\/\/scriebine.ro\/index.php?rest_route=\/wp\/v2\/users\/110"}],"replies":[{"embeddable":true,"href":"https:\/\/scriebine.ro\/index.php?rest_route=%2Fwp%2Fv2%2Fcomments&post=147"}],"version-history":[{"count":0,"href":"https:\/\/scriebine.ro\/index.php?rest_route=\/wp\/v2\/pages\/147\/revisions"}],"wp:attachment":[{"href":"https:\/\/scriebine.ro\/index.php?rest_route=%2Fwp%2Fv2%2Fmedia&parent=147"}],"curies":[{"name":"wp","href":"https:\/\/api.w.org\/{rel}","templated":true}]}}