{"id":1176,"date":"2014-07-22T12:24:33","date_gmt":"2014-07-22T12:24:33","guid":{"rendered":"http:\/\/scriebine.ro\/?page_id=1176"},"modified":"2019-12-14T16:40:19","modified_gmt":"2019-12-14T14:40:19","slug":"comanda-cartea-gramatica-suflet","status":"publish","type":"page","link":"https:\/\/scriebine.ro\/?page_id=1176","title":{"rendered":"Comand\u0103 cartea Gramatica are suflet"},"content":{"rendered":"\n<div class=\"is-layout-flex wp-container-3 wp-block-columns has-2-columns\">\n<div class=\"is-layout-flow wp-block-column\">\n<div class=\"wp-block-image\"><figure class=\"aligncenter\"><img decoding=\"async\" loading=\"lazy\" width=\"258\" height=\"400\" src=\"https:\/\/scriebine.ro\/wp-content\/uploads\/2014\/07\/carte.png\" alt=\"\" class=\"wp-image-1179\" srcset=\"https:\/\/scriebine.ro\/wp-content\/uploads\/2014\/07\/carte.png 258w, https:\/\/scriebine.ro\/wp-content\/uploads\/2014\/07\/carte-193x300.png 193w\" sizes=\"(max-width: 258px) 100vw, 258px\" \/><\/figure><\/div>\n\n\n\n<p><\/p>\n<\/div>\n\n\n\n<div class=\"is-layout-flow wp-block-column\"><div role=\"form\" class=\"wpcf7\" id=\"wpcf7-f1276-o1\" lang=\"ro-RO\" dir=\"ltr\">\n<div class=\"screen-reader-response\"><\/div>\n<form action=\"\/index.php?rest_route=%2Fwp%2Fv2%2Fpages%2F1176#wpcf7-f1276-o1\" method=\"post\" class=\"wpcf7-form\" novalidate=\"novalidate\">\n<div style=\"display: none;\">\n<input type=\"hidden\" name=\"_wpcf7\" value=\"1276\" \/>\n<input type=\"hidden\" name=\"_wpcf7_version\" value=\"5.1.7\" \/>\n<input type=\"hidden\" name=\"_wpcf7_locale\" value=\"ro_RO\" \/>\n<input type=\"hidden\" name=\"_wpcf7_unit_tag\" value=\"wpcf7-f1276-o1\" \/>\n<input type=\"hidden\" name=\"_wpcf7_container_post\" value=\"0\" \/>\n<\/div>\n<p>Nume si prenume<br \/>\n    <span class=\"wpcf7-form-control-wrap your-name\"><input type=\"text\" name=\"your-name\" value=\"\" size=\"40\" class=\"wpcf7-form-control wpcf7-text wpcf7-validates-as-required\" aria-required=\"true\" aria-invalid=\"false\" \/><\/span> <\/p>\n<p>Adresa de e-mail<br \/>\n    <span class=\"wpcf7-form-control-wrap your-email\"><input type=\"email\" name=\"your-email\" value=\"\" size=\"40\" class=\"wpcf7-form-control wpcf7-text wpcf7-email wpcf7-validates-as-required wpcf7-validates-as-email\" aria-required=\"true\" aria-invalid=\"false\" \/><\/span> <\/p>\n<p>Numar de telefon<br \/>\n    <span class=\"wpcf7-form-control-wrap tel-451\"><input type=\"tel\" name=\"tel-451\" value=\"\" size=\"40\" class=\"wpcf7-form-control wpcf7-text wpcf7-tel wpcf7-validates-as-required wpcf7-validates-as-tel\" aria-required=\"true\" aria-invalid=\"false\" \/><\/span> <\/p>\n<p>Adresa de livrare completa (bloc, apartament, etaj etc.)<br \/>\n    <span class=\"wpcf7-form-control-wrap text-987\"><input type=\"text\" name=\"text-987\" value=\"\" size=\"40\" class=\"wpcf7-form-control wpcf7-text wpcf7-validates-as-required\" aria-required=\"true\" aria-invalid=\"false\" \/><\/span> <\/p>\n<p>Adresa de livrare se va face la<br \/>\n    <span class=\"wpcf7-form-control-wrap checkbox-630\"><span class=\"wpcf7-form-control wpcf7-checkbox wpcf7-validates-as-required\"><span class=\"wpcf7-list-item first\"><input type=\"checkbox\" name=\"checkbox-630[]\" value=\"La Bloc\" \/><span class=\"wpcf7-list-item-label\">La Bloc<\/span><\/span><span class=\"wpcf7-list-item last\"><input type=\"checkbox\" name=\"checkbox-630[]\" value=\"La Casa\" \/><span class=\"wpcf7-list-item-label\">La Casa<\/span><\/span><\/span><\/span> <\/p>\n<p>Oras<br \/>\n    <span class=\"wpcf7-form-control-wrap text-278\"><input type=\"text\" name=\"text-278\" value=\"\" size=\"40\" class=\"wpcf7-form-control wpcf7-text wpcf7-validates-as-required\" aria-required=\"true\" aria-invalid=\"false\" \/><\/span> <\/p>\n<p>Nr. de exemplare<br \/>\n    <span class=\"wpcf7-form-control-wrap menu-104\"><select name=\"menu-104\" class=\"wpcf7-form-control wpcf7-select\" aria-invalid=\"false\"><option value=\"1\">1<\/option><option value=\"2\">2<\/option><option value=\"3\">3<\/option><option value=\"4\">4<\/option><option value=\"5\">5<\/option><\/select><\/span> <\/p>\n<p>    Livrare prin curier rapid cu plata la livrare 99 RON (transport inclus).<br \/>\n<br \/>\n<b>(Ramburs 99 RON)<br\/><br \/>\nTe rog s\u0103 ai pu\u0163in\u0103 r\u0103bdare 1 \u2013 2 s\u0103pt\u0103m\u00e2ni, deoarece am trimis manuscrisul la tipografie.<br \/>\n<br \/>\nMul\u0163umesc!<br \/>\n<\/b><br \/>\n<br \/>\nPrecomand\u0103 carte<\/p>\n<p>Cartea va ajunge la tine \u00een decurs de trei s\u0103pt\u0103m\u00e2ni.<br \/>\nDup\u0103 ce faci plata, precomanda ta va avea prioritate pe lista de a\u015fteptare.<br \/>\n   <span class=\"wpcf7-form-control-wrap acceptance-942\"><span class=\"wpcf7-form-control wpcf7-acceptance\"><span class=\"wpcf7-list-item\"><input type=\"checkbox\" name=\"acceptance-942\" value=\"1\" aria-invalid=\"false\" checked=\"checked\" \/><\/span><\/span><\/span> <\/p>\n<p><input type=\"submit\" value=\"&gt; Comanda acum &lt;\" class=\"wpcf7-form-control wpcf7-submit\" \/><\/p>\n<p style=\"display: none !important;\" class=\"akismet-fields-container\" data-prefix=\"_wpcf7_ak_\"><label>&#916;<textarea name=\"_wpcf7_ak_hp_textarea\" cols=\"45\" rows=\"8\" maxlength=\"100\"><\/textarea><\/label><input type=\"hidden\" id=\"ak_js_1\" name=\"_wpcf7_ak_js\" value=\"154\"\/><script>document.getElementById( \"ak_js_1\" ).setAttribute( \"value\", ( new Date() ).getTime() );<\/script><\/p><div class=\"wpcf7-response-output wpcf7-display-none\"><\/div><\/form><\/div>\n<\/div>\n<\/div>\n\n\n\n<p><\/p>\n","protected":false},"excerpt":{"rendered":"","protected":false},"author":107,"featured_media":0,"parent":0,"menu_order":0,"comment_status":"closed","ping_status":"open","template":"page-templates\/full-width.php","meta":{"zakra_sidebar_layout":"customizer","zakra_remove_content_margin":false,"zakra_sidebar":"customizer","zakra_transparent_header":"customizer","zakra_logo":0,"zakra_main_header_style":"default","zakra_menu_item_color":"","zakra_menu_item_hover_color":"","zakra_menu_item_active_color":"","zakra_menu_active_style":"","zakra_page_header":true},"yoast_head":"<!-- This site is optimized with the Yoast SEO plugin v14.0.2 - https:\/\/yoast.com\/wordpress\/plugins\/seo\/ -->\n<title>Comand\u0103 cartea Gramatica are suflet - Scrie bine<\/title>\n<meta name=\"robots\" content=\"index, follow\" \/>\n<meta name=\"googlebot\" content=\"index, follow, max-snippet:-1, max-image-preview:large, max-video-preview:-1\" \/>\n<meta name=\"bingbot\" content=\"index, follow, max-snippet:-1, max-image-preview:large, max-video-preview:-1\" \/>\n<link rel=\"canonical\" href=\"https:\/\/scriebine.ro\/?page_id=1176\" \/>\n<meta property=\"og:locale\" content=\"ro_RO\" \/>\n<meta property=\"og:type\" content=\"article\" \/>\n<meta property=\"og:title\" content=\"Comand\u0103 cartea Gramatica are suflet - Scrie bine\" \/>\n<meta property=\"og:url\" content=\"https:\/\/scriebine.ro\/?page_id=1176\" \/>\n<meta property=\"og:site_name\" content=\"Scrie bine\" \/>\n<meta property=\"article:modified_time\" content=\"2019-12-14T14:40:19+00:00\" \/>\n<meta property=\"og:image\" content=\"https:\/\/scriebine.ro\/wp-content\/uploads\/2014\/07\/carte.png\" \/>\n<script type=\"application\/ld+json\" class=\"yoast-schema-graph\">{\"@context\":\"https:\/\/schema.org\",\"@graph\":[{\"@type\":\"WebSite\",\"@id\":\"https:\/\/scriebine.ro\/#website\",\"url\":\"https:\/\/scriebine.ro\/\",\"name\":\"Scrie bine\",\"description\":\"Acord\\u0103 aten\\u0163ie modului \\u00een care te exprimi.\",\"potentialAction\":[{\"@type\":\"SearchAction\",\"target\":\"https:\/\/scriebine.ro\/?s={search_term_string}\",\"query-input\":\"required name=search_term_string\"}],\"inLanguage\":\"ro-RO\"},{\"@type\":\"ImageObject\",\"@id\":\"https:\/\/scriebine.ro\/?page_id=1176#primaryimage\",\"inLanguage\":\"ro-RO\",\"url\":\"https:\/\/scriebine.ro\/wp-content\/uploads\/2014\/07\/carte.png\",\"width\":258,\"height\":400},{\"@type\":\"WebPage\",\"@id\":\"https:\/\/scriebine.ro\/?page_id=1176#webpage\",\"url\":\"https:\/\/scriebine.ro\/?page_id=1176\",\"name\":\"Comand\\u0103 cartea Gramatica are suflet - Scrie bine\",\"isPartOf\":{\"@id\":\"https:\/\/scriebine.ro\/#website\"},\"primaryImageOfPage\":{\"@id\":\"https:\/\/scriebine.ro\/?page_id=1176#primaryimage\"},\"datePublished\":\"2014-07-22T12:24:33+00:00\",\"dateModified\":\"2019-12-14T14:40:19+00:00\",\"inLanguage\":\"ro-RO\",\"potentialAction\":[{\"@type\":\"ReadAction\",\"target\":[\"https:\/\/scriebine.ro\/?page_id=1176\"]}]}]}<\/script>\n<!-- \/ Yoast SEO plugin. -->","_links":{"self":[{"href":"https:\/\/scriebine.ro\/index.php?rest_route=\/wp\/v2\/pages\/1176"}],"collection":[{"href":"https:\/\/scriebine.ro\/index.php?rest_route=\/wp\/v2\/pages"}],"about":[{"href":"https:\/\/scriebine.ro\/index.php?rest_route=\/wp\/v2\/types\/page"}],"author":[{"embeddable":true,"href":"https:\/\/scriebine.ro\/index.php?rest_route=\/wp\/v2\/users\/107"}],"replies":[{"embeddable":true,"href":"https:\/\/scriebine.ro\/index.php?rest_route=%2Fwp%2Fv2%2Fcomments&post=1176"}],"version-history":[{"count":0,"href":"https:\/\/scriebine.ro\/index.php?rest_route=\/wp\/v2\/pages\/1176\/revisions"}],"wp:attachment":[{"href":"https:\/\/scriebine.ro\/index.php?rest_route=%2Fwp%2Fv2%2Fmedia&parent=1176"}],"curies":[{"name":"wp","href":"https:\/\/api.w.org\/{rel}","templated":true}]}}